{"id":9618,"date":"2021-02-23T15:01:49","date_gmt":"2021-02-23T14:01:49","guid":{"rendered":"https:\/\/zlatyrakytnik.sk\/?post_type=product&#038;p=9618"},"modified":"2026-01-09T11:18:17","modified_gmt":"2026-01-09T10:18:17","slug":"susene-jablka-vrubkovane","status":"publish","type":"product","link":"https:\/\/zlatyrakytnik.sk\/hu\/termek\/susene-jablka-vrubkovane\/","title":{"rendered":"Su\u0161en\u00e9 jablk\u00e1 vr\u00fabkovan\u00e9"},"content":{"rendered":"<p>Zlo\u017eenie: jablk\u00e1<\/p>","protected":false},"excerpt":{"rendered":"<p>Ru\u010dne oberan\u00e9, na vr\u00fabky nakr\u00e1jan\u00e9 jablk\u00e1, pomaly su\u0161en\u00e9 do chrumkava.<\/p>","protected":false},"featured_media":10071,"comment_status":"open","ping_status":"closed","template":"","meta":[],"product_brand":[277],"product_cat":[275,259,260],"product_tag":[191],"giftcard-category":[],"class_list":{"0":"post-9618","1":"product","2":"type-product","3":"status-publish","4":"has-post-thumbnail","6":"product_brand-tvrdosovske-zlato","7":"product_cat-tvrdosovske-zlato","8":"product_cat-snacky-slane-sladke","9":"product_cat-susene-ovocie","10":"product_tag-tvrdosovske-zlato","12":"first","13":"instock","14":"taxable","15":"shipping-taxable","16":"purchasable","17":"product-type-simple"},"_links":{"self":[{"href":"https:\/\/zlatyrakytnik.sk\/hu\/wp-json\/wp\/v2\/product\/9618","targetHints":{"allow":["GET"]}}],"collection":[{"href":"https:\/\/zlatyrakytnik.sk\/hu\/wp-json\/wp\/v2\/product"}],"about":[{"href":"https:\/\/zlatyrakytnik.sk\/hu\/wp-json\/wp\/v2\/types\/product"}],"replies":[{"embeddable":true,"href":"https:\/\/zlatyrakytnik.sk\/hu\/wp-json\/wp\/v2\/comments?post=9618"}],"wp:featuredmedia":[{"embeddable":true,"href":"https:\/\/zlatyrakytnik.sk\/hu\/wp-json\/wp\/v2\/media\/10071"}],"wp:attachment":[{"href":"https:\/\/zlatyrakytnik.sk\/hu\/wp-json\/wp\/v2\/media?parent=9618"}],"wp:term":[{"taxonomy":"product_brand","embeddable":true,"href":"https:\/\/zlatyrakytnik.sk\/hu\/wp-json\/wp\/v2\/product_brand?post=9618"},{"taxonomy":"product_cat","embeddable":true,"href":"https:\/\/zlatyrakytnik.sk\/hu\/wp-json\/wp\/v2\/product_cat?post=9618"},{"taxonomy":"product_tag","embeddable":true,"href":"https:\/\/zlatyrakytnik.sk\/hu\/wp-json\/wp\/v2\/product_tag?post=9618"},{"taxonomy":"giftcard-category","embeddable":true,"href":"https:\/\/zlatyrakytnik.sk\/hu\/wp-json\/wp\/v2\/giftcard-category?post=9618"}],"curies":[{"name":"wp","href":"https:\/\/api.w.org\/{rel}","templated":true}]}}